{"id":1035,"date":"2024-09-29T21:48:23","date_gmt":"2024-09-29T21:48:23","guid":{"rendered":"https:\/\/mce-lemaninside-renovation.ch\/?page_id=1035"},"modified":"2024-09-29T22:21:49","modified_gmt":"2024-09-29T22:21:49","slug":"politique-de-confidentialite","status":"publish","type":"page","link":"https:\/\/mce-lemaninside-renovation.ch\/en\/politique-de-confidentialite\/","title":{"rendered":"Privacy Policy"},"content":{"rendered":"<div data-elementor-type=\"wp-page\" data-elementor-id=\"1035\" class=\"elementor elementor-1035\">\n\t\t\t\t<div class=\"elementor-element elementor-element-6e82c189 e-flex e-con-boxed e-con e-parent\" data-id=\"6e82c189\" data-element_type=\"container\" data-settings=\"{&quot;background_background&quot;:&quot;classic&quot;}\">\n\t\t\t\t\t<div class=\"e-con-inner\">\n\t\t<div class=\"elementor-element elementor-element-2dcea235 e-con-full e-flex e-con e-child\" data-id=\"2dcea235\" data-element_type=\"container\">\n\t\t\t\t<div class=\"elementor-element elementor-element-2268ee55 elementor-widget elementor-widget-heading\" data-id=\"2268ee55\" data-element_type=\"widget\" data-widget_type=\"heading.default\">\n\t\t\t\t<div class=\"elementor-widget-container\">\n\t\t\t<style>\/*! elementor - v3.21.0 - 08-05-2024 *\/\n.elementor-heading-title{padding:0;margin:0;line-height:1}.elementor-widget-heading .elementor-heading-title[class*=elementor-size-]>a{color:inherit;font-size:inherit;line-height:inherit}.elementor-widget-heading .elementor-heading-title.elementor-size-small{font-size:15px}.elementor-widget-heading .elementor-heading-title.elementor-size-medium{font-size:19px}.elementor-widget-heading .elementor-heading-title.elementor-size-large{font-size:29px}.elementor-widget-heading .elementor-heading-title.elementor-size-xl{font-size:39px}.elementor-widget-heading .elementor-heading-title.elementor-size-xxl{font-size:59px}<\/style><h2 class=\"elementor-heading-title elementor-size-default\">Privacy Policy<\/h2>\t\t<\/div>\n\t\t\t\t<\/div>\n\t\t\t\t<div class=\"elementor-element elementor-element-79a5a595 elementor-widget elementor-widget-text-editor\" data-id=\"79a5a595\" data-element_type=\"widget\" data-widget_type=\"text-editor.default\">\n\t\t\t\t<div class=\"elementor-widget-container\">\n\t\t\t<style>\/*! elementor - v3.21.0 - 08-05-2024 *\/\n.elementor-widget-text-editor.elementor-drop-cap-view-stacked .elementor-drop-cap{background-color:#69727d;color:#fff}.elementor-widget-text-editor.elementor-drop-cap-view-framed .elementor-drop-cap{color:#69727d;border:3px solid;background-color:transparent}.elementor-widget-text-editor:not(.elementor-drop-cap-view-default) .elementor-drop-cap{margin-top:8px}.elementor-widget-text-editor:not(.elementor-drop-cap-view-default) .elementor-drop-cap-letter{width:1em;height:1em}.elementor-widget-text-editor .elementor-drop-cap{float:left;text-align:center;line-height:1;font-size:50px}.elementor-widget-text-editor .elementor-drop-cap-letter{display:inline-block}<\/style>\t\t\t\t<p style=\"text-align: left;\"><strong>1. Introduction<\/strong><br \/>MCE LEMAN INSIDE RENOVATION is committed to protecting the privacy of users of its website. This privacy policy explains how we collect, use, share, and protect your personal information.<\/p><p style=\"text-align: left;\"><strong>2. Information Collection<\/strong><br \/>We collect the following information:<\/p><ul><li style=\"text-align: left;\">First and surname name<\/li><li style=\"text-align: left;\">Email address<\/li><li style=\"text-align: left;\">Phone number<\/li><li style=\"text-align: left;\">Information about the renovation project<\/li><\/ul><p style=\"text-align: left;\">This information is collected when you fill out our contact form.<\/p><p style=\"text-align: left;\"><strong>3. Use of Information<\/strong><br \/>We use your information to:<br \/>Respond to your inquiries<br \/>Provide you with quotes and services<br \/>Improve our website and services<\/p><p style=\"text-align: left;\"><strong>4. Information Sharing<\/strong><br \/>We do not sell or rent your personal information to third parties.<\/p><p style=\"text-align: left;\"><strong>5. Information Protection<\/strong><br \/>We implement appropriate security measures to protect your information against unauthorized access, alteration, disclosure or destruction.<\/p><p style=\"text-align: left;\"><strong>6. Cookies<\/strong><br \/>Our site uses cookies to improve your browsing experience. You can configure your browser to refuse cookies or alert you when cookies are being sent.<\/p><p style=\"text-align: left;\"><strong>7. Your Rights<\/strong><br \/>You have the right to access your personal information, correct it, delete it, or limit its processing. You can also object to the processing of your data or request its portability.<\/p><p style=\"text-align: left;\"><strong>8. Changes to the Privacy Policy<\/strong><br \/>We reserve the right to modify this privacy policy at any time. Changes will be posted on this page with an update date.<\/p><p style=\"text-align: left;\"><strong>9. Contact Us<\/strong><br \/>For any questions regarding this privacy policy, please contact us at:<br \/>MCE LEMAN INSIDE RENOVATION<br \/>10 rue de la Prulay 1217 MEYRIN<br \/>contact@mce-lemaninside-renovation.ch<\/p><p style=\"text-align: left;\"><strong>Last updated:<\/strong> 20\/09\/2024<\/p>\t\t\t\t\t\t<\/div>\n\t\t\t\t<\/div>\n\t\t\t\t<div class=\"elementor-element elementor-element-438070fb elementor-align-center elementor-widget elementor-widget-button\" data-id=\"438070fb\" data-element_type=\"widget\" data-widget_type=\"button.default\">\n\t\t\t\t<div class=\"elementor-widget-container\">\n\t\t\t\t\t<div class=\"elementor-button-wrapper\">\n\t\t\t<a class=\"elementor-button elementor-button-link elementor-size-sm\" href=\"https:\/\/mce-lemaninside-renovation.ch\/en\/\">\n\t\t\t\t\t\t<span class=\"elementor-button-content-wrapper\">\n\t\t\t\t\t\t\t\t\t<span class=\"elementor-button-text\">Retour site<\/span>\n\t\t\t\t\t<\/span>\n\t\t\t\t\t<\/a>\n\t\t<\/div>\n\t\t\t\t<\/div>\n\t\t\t\t<\/div>\n\t\t\t\t<\/div>\n\t\t\t\t\t<\/div>\n\t\t\t\t<\/div>\n\t\t\t\t<\/div>","protected":false},"excerpt":{"rendered":"<p>Politique de confidentialit\u00e9 1. IntroductionMCE LEMAN INSIDE RENOVATION s&rsquo;engage \u00e0 prot\u00e9ger la vie priv\u00e9e des utilisateurs de son site internet. [&hellip;]<\/p>","protected":false},"author":1,"featured_media":0,"parent":0,"menu_order":0,"comment_status":"closed","ping_status":"closed","template":"","meta":{"site-sidebar-layout":"no-sidebar","site-content-layout":"","ast-site-content-layout":"full-width-container","site-content-style":"default","site-sidebar-style":"default","ast-global-header-display":"","ast-banner-title-visibility":"","ast-main-header-display":"","ast-hfb-above-header-display":"","ast-hfb-below-header-display":"","ast-hfb-mobile-header-display":"","site-post-title":"disabled","ast-breadcrumbs-content":"","ast-featured-img":"disabled","footer-sml-layout":"","theme-transparent-header-meta":"","adv-header-id-meta":"","stick-header-meta":"","header-above-stick-meta":"","header-main-stick-meta":"","header-below-stick-meta":"","astra-migrate-meta-layouts":"default","ast-page-background-enabled":"default","ast-page-background-meta":{"desktop":{"background-color":"var(--ast-global-color-4)","background-image":"","background-repeat":"repeat","background-position":"center center","background-size":"auto","background-attachment":"scroll","background-type":"","background-media":"","overlay-type":"","overlay-color":"","overlay-opacity":"","overlay-gradient":""},"tablet":{"background-color":"","background-image":"","background-repeat":"repeat","background-position":"center center","background-size":"auto","background-attachment":"scroll","background-type":"","background-media":"","overlay-type":"","overlay-color":"","overlay-opacity":"","overlay-gradient":""},"mobile":{"background-color":"","background-image":"","background-repeat":"repeat","background-position":"center center","background-size":"auto","background-attachment":"scroll","background-type":"","background-media":"","overlay-type":"","overlay-color":"","overlay-opacity":"","overlay-gradient":""}},"ast-content-background-meta":{"desktop":{"background-color":"var(--ast-global-color-5)","background-image":"","background-repeat":"repeat","background-position":"center center","background-size":"auto","background-attachment":"scroll","background-type":"","background-media":"","overlay-type":"","overlay-color":"","overlay-opacity":"","overlay-gradient":""},"tablet":{"background-color":"var(--ast-global-color-5)","background-image":"","background-repeat":"repeat","background-position":"center center","background-size":"auto","background-attachment":"scroll","background-type":"","background-media":"","overlay-type":"","overlay-color":"","overlay-opacity":"","overlay-gradient":""},"mobile":{"background-color":"var(--ast-global-color-5)","background-image":"","background-repeat":"repeat","background-position":"center center","background-size":"auto","background-attachment":"scroll","background-type":"","background-media":"","overlay-type":"","overlay-color":"","overlay-opacity":"","overlay-gradient":""}},"footnotes":""},"class_list":["post-1035","page","type-page","status-publish","hentry"],"yoast_head":"<!-- This site is optimized with the Yoast SEO plugin v22.6 - https:\/\/yoast.com\/wordpress\/plugins\/seo\/ -->\n<title>Politique de confidentialit\u00e9 -<\/title>\n<meta name=\"robots\" content=\"index, follow, max-snippet:-1, max-image-preview:large, max-video-preview:-1\" \/>\n<link rel=\"canonical\" href=\"https:\/\/mce-lemaninside-renovation.ch\/en\/politique-de-confidentialite\/\" \/>\n<meta property=\"og:locale\" content=\"en_GB\" \/>\n<meta property=\"og:type\" content=\"article\" \/>\n<meta property=\"og:title\" content=\"Politique de confidentialit\u00e9 -\" \/>\n<meta property=\"og:description\" content=\"Politique de confidentialit\u00e9 1. IntroductionMCE LEMAN INSIDE RENOVATION s&rsquo;engage \u00e0 prot\u00e9ger la vie priv\u00e9e des utilisateurs de son site internet. [&hellip;]\" \/>\n<meta property=\"og:url\" content=\"https:\/\/mce-lemaninside-renovation.ch\/en\/politique-de-confidentialite\/\" \/>\n<meta property=\"article:modified_time\" content=\"2024-09-29T22:21:49+00:00\" \/>\n<meta name=\"twitter:card\" content=\"summary_large_image\" \/>\n<meta name=\"twitter:label1\" content=\"Estimated reading time\" \/>\n\t<meta name=\"twitter:data1\" content=\"2 minutes\" \/>\n<script type=\"application\/ld+json\" class=\"yoast-schema-graph\">{\"@context\":\"https:\/\/schema.org\",\"@graph\":[{\"@type\":\"WebPage\",\"@id\":\"https:\/\/mce-lemaninside-renovation.ch\/politique-de-confidentialite\/\",\"url\":\"https:\/\/mce-lemaninside-renovation.ch\/politique-de-confidentialite\/\",\"name\":\"Politique de confidentialit\u00e9 -\",\"isPartOf\":{\"@id\":\"https:\/\/mce-lemaninside-renovation.ch\/#website\"},\"datePublished\":\"2024-09-29T21:48:23+00:00\",\"dateModified\":\"2024-09-29T22:21:49+00:00\",\"breadcrumb\":{\"@id\":\"https:\/\/mce-lemaninside-renovation.ch\/politique-de-confidentialite\/#breadcrumb\"},\"inLanguage\":\"en-GB\",\"potentialAction\":[{\"@type\":\"ReadAction\",\"target\":[\"https:\/\/mce-lemaninside-renovation.ch\/politique-de-confidentialite\/\"]}]},{\"@type\":\"BreadcrumbList\",\"@id\":\"https:\/\/mce-lemaninside-renovation.ch\/politique-de-confidentialite\/#breadcrumb\",\"itemListElement\":[{\"@type\":\"ListItem\",\"position\":1,\"name\":\"Accueil\",\"item\":\"https:\/\/mce-lemaninside-renovation.ch\/\"},{\"@type\":\"ListItem\",\"position\":2,\"name\":\"Politique de confidentialit\u00e9\"}]},{\"@type\":\"WebSite\",\"@id\":\"https:\/\/mce-lemaninside-renovation.ch\/#website\",\"url\":\"https:\/\/mce-lemaninside-renovation.ch\/\",\"name\":\"https:\/\/mce-lemaninside-renovation.ch\/\",\"description\":\"\",\"publisher\":{\"@id\":\"https:\/\/mce-lemaninside-renovation.ch\/#organization\"},\"potentialAction\":[{\"@type\":\"SearchAction\",\"target\":{\"@type\":\"EntryPoint\",\"urlTemplate\":\"https:\/\/mce-lemaninside-renovation.ch\/?s={search_term_string}\"},\"query-input\":\"required name=search_term_string\"}],\"inLanguage\":\"en-GB\"},{\"@type\":\"Organization\",\"@id\":\"https:\/\/mce-lemaninside-renovation.ch\/#organization\",\"name\":\"mce lemaninside renovation\",\"url\":\"https:\/\/mce-lemaninside-renovation.ch\/\",\"logo\":{\"@type\":\"ImageObject\",\"inLanguage\":\"en-GB\",\"@id\":\"https:\/\/mce-lemaninside-renovation.ch\/#\/schema\/logo\/image\/\",\"url\":\"https:\/\/mce-lemaninside-renovation.ch\/wp-content\/uploads\/2024\/05\/Logo_MCE-1.webp\",\"contentUrl\":\"https:\/\/mce-lemaninside-renovation.ch\/wp-content\/uploads\/2024\/05\/Logo_MCE-1.webp\",\"width\":500,\"height\":499,\"caption\":\"mce lemaninside renovation\"},\"image\":{\"@id\":\"https:\/\/mce-lemaninside-renovation.ch\/#\/schema\/logo\/image\/\"}}]}<\/script>\n<!-- \/ Yoast SEO plugin. -->","yoast_head_json":{"title":"Politique de confidentialit\u00e9 -","robots":{"index":"index","follow":"follow","max-snippet":"max-snippet:-1","max-image-preview":"max-image-preview:large","max-video-preview":"max-video-preview:-1"},"canonical":"https:\/\/mce-lemaninside-renovation.ch\/en\/politique-de-confidentialite\/","og_locale":"en_GB","og_type":"article","og_title":"Politique de confidentialit\u00e9 -","og_description":"Politique de confidentialit\u00e9 1. IntroductionMCE LEMAN INSIDE RENOVATION s&rsquo;engage \u00e0 prot\u00e9ger la vie priv\u00e9e des utilisateurs de son site internet. [&hellip;]","og_url":"https:\/\/mce-lemaninside-renovation.ch\/en\/politique-de-confidentialite\/","article_modified_time":"2024-09-29T22:21:49+00:00","twitter_card":"summary_large_image","twitter_misc":{"Estimated reading time":"2 minutes"},"schema":{"@context":"https:\/\/schema.org","@graph":[{"@type":"WebPage","@id":"https:\/\/mce-lemaninside-renovation.ch\/politique-de-confidentialite\/","url":"https:\/\/mce-lemaninside-renovation.ch\/politique-de-confidentialite\/","name":"Politique de confidentialit\u00e9 -","isPartOf":{"@id":"https:\/\/mce-lemaninside-renovation.ch\/#website"},"datePublished":"2024-09-29T21:48:23+00:00","dateModified":"2024-09-29T22:21:49+00:00","breadcrumb":{"@id":"https:\/\/mce-lemaninside-renovation.ch\/politique-de-confidentialite\/#breadcrumb"},"inLanguage":"en-GB","potentialAction":[{"@type":"ReadAction","target":["https:\/\/mce-lemaninside-renovation.ch\/politique-de-confidentialite\/"]}]},{"@type":"BreadcrumbList","@id":"https:\/\/mce-lemaninside-renovation.ch\/politique-de-confidentialite\/#breadcrumb","itemListElement":[{"@type":"ListItem","position":1,"name":"Accueil","item":"https:\/\/mce-lemaninside-renovation.ch\/"},{"@type":"ListItem","position":2,"name":"Politique de confidentialit\u00e9"}]},{"@type":"WebSite","@id":"https:\/\/mce-lemaninside-renovation.ch\/#website","url":"https:\/\/mce-lemaninside-renovation.ch\/","name":"https:\/\/mce-lemaninside-renovation.ch\/","description":"","publisher":{"@id":"https:\/\/mce-lemaninside-renovation.ch\/#organization"},"potentialAction":[{"@type":"SearchAction","target":{"@type":"EntryPoint","urlTemplate":"https:\/\/mce-lemaninside-renovation.ch\/?s={search_term_string}"},"query-input":"required name=search_term_string"}],"inLanguage":"en-GB"},{"@type":"Organization","@id":"https:\/\/mce-lemaninside-renovation.ch\/#organization","name":"mce lemaninside renovation","url":"https:\/\/mce-lemaninside-renovation.ch\/","logo":{"@type":"ImageObject","inLanguage":"en-GB","@id":"https:\/\/mce-lemaninside-renovation.ch\/#\/schema\/logo\/image\/","url":"https:\/\/mce-lemaninside-renovation.ch\/wp-content\/uploads\/2024\/05\/Logo_MCE-1.webp","contentUrl":"https:\/\/mce-lemaninside-renovation.ch\/wp-content\/uploads\/2024\/05\/Logo_MCE-1.webp","width":500,"height":499,"caption":"mce lemaninside renovation"},"image":{"@id":"https:\/\/mce-lemaninside-renovation.ch\/#\/schema\/logo\/image\/"}}]}},"_links":{"self":[{"href":"https:\/\/mce-lemaninside-renovation.ch\/en\/wp-json\/wp\/v2\/pages\/1035","targetHints":{"allow":["GET"]}}],"collection":[{"href":"https:\/\/mce-lemaninside-renovation.ch\/en\/wp-json\/wp\/v2\/pages"}],"about":[{"href":"https:\/\/mce-lemaninside-renovation.ch\/en\/wp-json\/wp\/v2\/types\/page"}],"author":[{"embeddable":true,"href":"https:\/\/mce-lemaninside-renovation.ch\/en\/wp-json\/wp\/v2\/users\/1"}],"replies":[{"embeddable":true,"href":"https:\/\/mce-lemaninside-renovation.ch\/en\/wp-json\/wp\/v2\/comments?post=1035"}],"version-history":[{"count":19,"href":"https:\/\/mce-lemaninside-renovation.ch\/en\/wp-json\/wp\/v2\/pages\/1035\/revisions"}],"predecessor-version":[{"id":1057,"href":"https:\/\/mce-lemaninside-renovation.ch\/en\/wp-json\/wp\/v2\/pages\/1035\/revisions\/1057"}],"wp:attachment":[{"href":"https:\/\/mce-lemaninside-renovation.ch\/en\/wp-json\/wp\/v2\/media?parent=1035"}],"curies":[{"name":"wp","href":"https:\/\/api.w.org\/{rel}","templated":true}]}}